{"id":11,"date":"2025-10-27T10:50:52","date_gmt":"2025-10-27T13:50:52","guid":{"rendered":"http:\/\/rodohenrique.com.br\/?page_id=11"},"modified":"2025-10-30T13:00:57","modified_gmt":"2025-10-30T16:00:57","slug":"transportadora-rodohenrique","status":"publish","type":"page","link":"https:\/\/rodohenrique.com.br\/","title":{"rendered":"Transportadora Rodohenrique"},"content":{"rendered":"\n  <div class=\"banner has-hover\" id=\"banner-1083847117\">\n          <div class=\"banner-inner fill\">\n        <div class=\"banner-bg fill\" >\n            <img loading=\"lazy\" decoding=\"async\" width=\"1\" height=\"1\" src=\"https:\/\/rodohenrique.com.br\/wp-content\/uploads\/2025\/10\/tetete-1.png\" class=\"bg attachment-large size-large\" alt=\"\" \/>                        <div class=\"overlay\"><\/div>            \n                    <\/div>\n\t\t\n        <div class=\"banner-layers container\">\n            <div class=\"fill banner-link\"><\/div>            \n   <div id=\"text-box-1150199175\" class=\"text-box banner-layer x100 md-x100 lg-x100 y90 md-y70 lg-y70 res-text\">\n              <div data-parallax=\"-1\" data-parallax-fade=\"true\">       <div data-animate=\"fadeInUp\">           <div class=\"text-box-content text dark\">\n              \n              <div class=\"text-inner text-center\">\n                  \n\t<div id=\"text-3970114673\" class=\"text\">\n\t\t\n<p>SUA CARGA E SEU DESTINO S\u00c3O A<strong> <span style=\"color: #78ba48;\">NOSSA RESPONSABILIDADE<\/span>!<\/strong><\/p>\n\t\t\n<style>\n#text-3970114673 {\n  font-size: 1.35rem;\n  line-height: 1.05;\n  text-align: left;\n}\n@media (min-width:550px) {\n  #text-3970114673 {\n    font-size: 2.55rem;\n  }\n}\n<\/style>\n\t<\/div>\n\t\n              <\/div>\n           <\/div>\n       <\/div>       <\/div>              \n<style>\n#text-box-1150199175 {\n  width: 80%;\n}\n#text-box-1150199175 .text-box-content {\n  font-size: 100%;\n}\n@media (min-width:550px) {\n  #text-box-1150199175 {\n    width: 67%;\n  }\n}\n<\/style>\n    <\/div>\n \n        <\/div>\n      <\/div>\n\n            \n<style>\n#banner-1083847117 {\n  padding-top: 96.67%;\n}\n#banner-1083847117 .overlay {\n  background-color: rgba(0, 0, 0, 0.31);\n}\n#banner-1083847117 .banner-bg img {\n  object-position: 46% 45%;\n}\n@media (min-width:550px) {\n  #banner-1083847117 {\n    padding-top: 55.01%;\n  }\n}\n<\/style>\n  <\/div>\n\n\n<div class=\"row row-collapse row-full-width\"  id=\"row-1766301611\">\n\n\t<div id=\"col-1885309788\" class=\"col medium-4 small-12 large-4\"  >\n\t\t\t\t<div class=\"col-inner\"  >\n\t\t\t\n\t\t\t\n\n  <div class=\"banner has-hover bg-zoom-long bg-zoom-long\" id=\"banner-516485975\">\n          <div class=\"banner-inner fill\">\n        <div class=\"banner-bg fill\" >\n                                    <div class=\"overlay\"><\/div>            \n                    <\/div>\n\t\t\n        <div class=\"banner-layers container\">\n            <div class=\"fill banner-link\"><\/div>            \n   <div id=\"text-box-1745054359\" class=\"text-box banner-layer x50 md-x50 lg-x50 y50 md-y50 lg-y50 res-text\">\n                                <div class=\"text-box-content text dark\">\n              \n              <div class=\"text-inner text-center\">\n                  \n<h2 class=\"uppercase\"><strong>VIS\u00c3O<\/strong><\/h2>\n\t<div id=\"text-3096397943\" class=\"text\">\n\t\t\n<p>Operar na log\u00edstica, trazendo qualidade e agilidade no servi\u00e7o prestado globalmente.<\/p>\n\t\t\n<style>\n#text-3096397943 {\n  font-size: 0.9rem;\n  line-height: 1.15;\n  text-align: center;\n}\n<\/style>\n\t<\/div>\n\t\n              <\/div>\n           <\/div>\n                            \n<style>\n#text-box-1745054359 {\n  width: 74%;\n}\n#text-box-1745054359 .text-box-content {\n  font-size: 100%;\n}\n@media (min-width:550px) {\n  #text-box-1745054359 {\n    width: 43%;\n  }\n}\n<\/style>\n    <\/div>\n \n        <\/div>\n      <\/div>\n\n            \n<style>\n#banner-516485975 {\n  padding-top: 250px;\n  background-color: rgb(105, 163, 122);\n}\n#banner-516485975 .overlay {\n  background-color: rgba(0, 0, 0, 0.12);\n}\n#banner-516485975 .banner-bg img {\n  object-position: 42% 18%;\n}\n<\/style>\n  <\/div>\n\n\n\t\t<\/div>\n\t\t\t\t\t<\/div>\n\n\t\n\n\t<div id=\"col-147368261\" class=\"col medium-4 small-12 large-4\"  >\n\t\t\t\t<div class=\"col-inner\"  >\n\t\t\t\n\t\t\t\n\n  <div class=\"banner has-hover bg-zoom-fade\" id=\"banner-659673294\">\n          <div class=\"banner-inner fill\">\n        <div class=\"banner-bg fill\" >\n                                    <div class=\"overlay\"><\/div>            \n                    <\/div>\n\t\t\n        <div class=\"banner-layers container\">\n            <div class=\"fill banner-link\"><\/div>            \n   <div id=\"text-box-1384621253\" class=\"text-box banner-layer x50 md-x50 lg-x50 y90 md-y90 lg-y90 res-text\">\n                                <div class=\"text-box-content text dark\">\n              \n              <div class=\"text-inner text-left\">\n                  \n\t<div id=\"text-2368495965\" class=\"text\">\n\t\t\n<h2 class=\"uppercase\"><strong>miss\u00e3o<\/strong><\/h2>\n\t\t\n<style>\n#text-2368495965 {\n  line-height: 0.75;\n  text-align: center;\n}\n<\/style>\n\t<\/div>\n\t\n\t<div id=\"text-2049398375\" class=\"text\">\n\t\t\n<p>Somos uma empresa voltada a prestar o agenciamento e contrata\u00e7\u00e3o de cargas, cujo destino \u00e9 a nossa responsabilidade, transportando com\u00a0 seguran\u00e7a e confian\u00e7a.<\/p>\n\t\t\n<style>\n#text-2049398375 {\n  font-size: 0.9rem;\n  line-height: 1.15;\n  text-align: center;\n}\n<\/style>\n\t<\/div>\n\t\n              <\/div>\n           <\/div>\n                            \n<style>\n#text-box-1384621253 {\n  width: 79%;\n}\n#text-box-1384621253 .text-box-content {\n  font-size: 100%;\n}\n@media (min-width:550px) {\n  #text-box-1384621253 {\n    width: 59%;\n  }\n}\n<\/style>\n    <\/div>\n \n        <\/div>\n      <\/div>\n\n            \n<style>\n#banner-659673294 {\n  padding-top: 250px;\n  background-color: #239f49;\n}\n#banner-659673294 .overlay {\n  background-color: rgba(0, 0, 0, 0.2);\n}\n#banner-659673294 .banner-bg img {\n  object-position: 50% 57%;\n}\n<\/style>\n  <\/div>\n\n\n\t\t<\/div>\n\t\t\t\t\t<\/div>\n\n\t\n\n\t<div id=\"col-1958056784\" class=\"col medium-4 small-12 large-4\"  >\n\t\t\t\t<div class=\"col-inner\"  >\n\t\t\t\n\t\t\t\n\n  <div class=\"banner has-hover bg-zoom-fade\" id=\"banner-736889109\">\n          <div class=\"banner-inner fill\">\n        <div class=\"banner-bg fill\" >\n                                    <div class=\"overlay\"><\/div>            \n                    <\/div>\n\t\t\n        <div class=\"banner-layers container\">\n            <div class=\"fill banner-link\"><\/div>            \n   <div id=\"text-box-1337917989\" class=\"text-box banner-layer x50 md-x50 lg-x50 y95 md-y95 lg-y95 res-text\">\n                                <div class=\"text-box-content text \">\n              \n              <div class=\"text-inner text-right\">\n                  \n\t<div id=\"text-1943471788\" class=\"text\">\n\t\t\n<h2 class=\"uppercase\"><span style=\"color: #ffffff;\"><strong>VALORES<\/strong><\/span><\/h2>\n\t\t\n<style>\n#text-1943471788 {\n  text-align: center;\n}\n<\/style>\n\t<\/div>\n\t\n\t<div id=\"gap-1546767864\" class=\"gap-element clearfix\" style=\"display:block; height:auto;\">\n\t\t\n<style>\n#gap-1546767864 {\n  padding-top: 17px;\n}\n<\/style>\n\t<\/div>\n\t\n\t<div id=\"text-2196000346\" class=\"text\">\n\t\t\n<ul>\n<li style=\"text-align: left;\"><span style=\"color: #ffffff;\">Foco no cliente<\/span><\/li>\n<li style=\"text-align: left;\"><span style=\"color: #ffffff;\">Sustentabilidade<\/span><\/li>\n<li style=\"text-align: left;\"><span style=\"color: #ffffff;\">Pontualidade<\/span><\/li>\n<li style=\"text-align: left;\"><span style=\"color: #ffffff;\">Seguran\u00e7a<\/span><\/li>\n<li style=\"text-align: left;\"><span style=\"color: #ffffff;\">Valoriza\u00e7\u00e3o do transporte<\/span><\/li>\n<li style=\"text-align: left;\"><span style=\"color: #ffffff;\">Transporte inteligente<\/span><\/li>\n<\/ul>\n\t\t\n<style>\n#text-2196000346 {\n  font-size: 0.85rem;\n  line-height: 0.75;\n  text-align: center;\n}\n<\/style>\n\t<\/div>\n\t\n              <\/div>\n           <\/div>\n                            \n<style>\n#text-box-1337917989 {\n  width: 64%;\n}\n#text-box-1337917989 .text-box-content {\n  font-size: 100%;\n}\n@media (min-width:550px) {\n  #text-box-1337917989 {\n    width: 62%;\n  }\n}\n<\/style>\n    <\/div>\n \n        <\/div>\n      <\/div>\n\n            \n<style>\n#banner-736889109 {\n  padding-top: 250px;\n  background-color: #8a6440;\n}\n#banner-736889109 .overlay {\n  background-color: rgba(0, 0, 0, 0.13);\n}\n#banner-736889109 .banner-bg img {\n  object-position: 31% 0%;\n}\n<\/style>\n  <\/div>\n\n\n\t\t<\/div>\n\t\t\t\t\t<\/div>\n\n\t\n<\/div>\n\n\t<section class=\"section\" id=\"section_653106007\">\n\t\t<div class=\"section-bg fill\" >\n\t\t\t\t\t\t\t\t\t\n\t\t\t\n\n\t\t<\/div>\n\n\t\t\n\n\t\t<div class=\"section-content relative\">\n\t\t\t\n<div class=\"row\"  id=\"row-25902033\">\n\n\t<div id=\"col-1547880118\" class=\"col medium-6 small-12 large-6\"  data-animate=\"fadeInRight\">\n\t\t\t\t<div class=\"col-inner\"  >\n\t\t\t\n\t\t\t\n<div class=\"container section-title-container\" ><h1 class=\"section-title section-title-normal\"><b aria-hidden=\"true\"><\/b><span class=\"section-title-main\" style=\"font-size:126%;color:rgb(255, 255, 255);\">CONHE\u00c7A A RODOHENRIQUE TRANSPORTES<\/span><b aria-hidden=\"true\"><\/b><\/h1><\/div>\n<p><span style=\"color: #ffffff;\">H\u00e1 mais de quatro anos, a RODOHENRIQUE TRANSPORTES vem trilhando um caminho de crescimento, movido por um prop\u00f3sito claro: transportar com responsabilidade e confian\u00e7a.<\/span><\/p>\n<p><span style=\"color: #ffffff;\">Com sede em Goi\u00e2nia\/GO, estrutura pr\u00f3pria e frota ativa, a empresa consolidou sua presen\u00e7a no transporte rodovi\u00e1rio de cargas em todo o Brasil, oferecendo solu\u00e7\u00f5es log\u00edsticas com seguran\u00e7a, agilidade e compromisso. Mais de 2 milh\u00f5es de toneladas j\u00e1 foram transportadas, reflexo de uma opera\u00e7\u00e3o s\u00f3lida e de um atendimento transparente e personalizado que valoriza cada parceria.<\/span><\/p>\n<p><span style=\"color: #ffffff;\">Com mais de 30 milh\u00f5es em faturamento, a Rodohenrique segue expandindo fronteiras e entregando resultados, conectando empresas e impulsionando neg\u00f3cios por todo o pa\u00eds. RODOHENRIQUE TRANSPORTES \u2013 Levando sua carga com responsabilidade e confian\u00e7a.<\/span><\/p>\n\t\t<\/div>\n\t\t\t\t\t<\/div>\n\n\t\n\n\t<div id=\"col-500176973\" class=\"col medium-6 small-12 large-6\"  >\n\t\t\t\t<div class=\"col-inner\"  >\n\t\t\t\n\t\t\t\n\n  <div class=\"banner has-hover has-parallax\" id=\"banner-330174807\">\n          <div class=\"banner-inner fill\">\n        <div class=\"banner-bg fill\" data-parallax=\"-2\" data-parallax-container=\".banner\" data-parallax-background>\n            <img decoding=\"async\" src=\"https:\/\/rodohenrique.com.br\/wp-content\/uploads\/2025\/10\/nova.png\" class=\"bg attachment-original size-original\" alt=\"\" \/>                                    \n                    <\/div>\n\t\t\n        <div class=\"banner-layers container\">\n            <div class=\"fill banner-link\"><\/div>               <div id=\"text-box-834255747\" class=\"text-box banner-layer x50 md-x50 lg-x50 y50 md-y50 lg-y50 res-text\">\n                     <div data-animate=\"fadeIn\">           <div class=\"text-box-content text dark\">\n              \n              <div class=\"text-inner text-center\">\n                  \n              <\/div>\n           <\/div>\n       <\/div>                     \n<style>\n#text-box-834255747 {\n  width: 60%;\n}\n#text-box-834255747 .text-box-content {\n  font-size: 100%;\n}\n@media (min-width:550px) {\n  #text-box-834255747 {\n    width: 60%;\n  }\n}\n<\/style>\n    <\/div>\n         <\/div>\n      <\/div>\n\n            \n<style>\n#banner-330174807 {\n  padding-top: 180px;\n}\n#banner-330174807 .banner-bg img {\n  object-position: 30% 20%;\n}\n@media (min-width:550px) {\n  #banner-330174807 {\n    padding-top: 508px;\n  }\n}\n<\/style>\n  <\/div>\n\n\n\t\t<\/div>\n\t\t\t\t\t<\/div>\n\n\t\n<\/div>\n\t\t<\/div>\n\n\t\t\n<style>\n#section_653106007 {\n  padding-top: 30px;\n  padding-bottom: 30px;\n  background-color: #455e4d;\n}\n<\/style>\n\t<\/section>\n\t\n\n\t<section class=\"section\" id=\"section_2063707530\">\n\t\t<div class=\"section-bg fill\" >\n\t\t\t<img loading=\"lazy\" decoding=\"async\" width=\"2560\" height=\"1493\" src=\"https:\/\/rodohenrique.com.br\/wp-content\/uploads\/2025\/10\/alh2-scaled.jpg\" class=\"bg attachment- size-\" alt=\"\" \/>\t\t\t\t\t\t<div class=\"section-bg-overlay absolute fill\"><\/div>\n\t\t\t\n\n\t\t<\/div>\n\n\t\t\n\n\t\t<div class=\"section-content relative\">\n\t\t\t\n<div class=\"row\"  id=\"row-579485707\">\n\n\t<div id=\"col-2140960792\" class=\"col medium-4 small-12 large-4\"  >\n\t\t\t\t<div class=\"col-inner\"  >\n\t\t\t\n\t\t\t\n<div class=\"container section-title-container\" ><h1 class=\"section-title section-title-normal\"><b aria-hidden=\"true\"><\/b><span class=\"section-title-main\" style=\"font-size:140%;\">SEGURAN\u00c7A E TECNOLOGIA<\/span><b aria-hidden=\"true\"><\/b><\/h1><\/div>\n\t\t<\/div>\n\t\t\t\t\t<\/div>\n\n\t\n\n\t<div id=\"col-1433681416\" class=\"col medium-8 small-12 large-8\"  >\n\t\t\t\t<div class=\"col-inner\"  >\n\t\t\t\n\t\t\t\n<p>Na RODOHENRIQUE TRANSPORTES, cada entrega \u00e9 guiada por seguran\u00e7a, controle e efici\u00eancia.<\/p>\n<p>Contamos com uma estrutura completa para<br \/>garantir confian\u00e7a em cada quil\u00f4metro.<\/p>\n\t\t<\/div>\n\t\t\t\t\t<\/div>\n\n\t\n<\/div>\n<div class=\"row\"  id=\"row-1325154464\">\n\n\t<div id=\"col-279777425\" class=\"col medium-6 small-12 large-6\"  >\n\t\t\t\t<div class=\"col-inner\"  >\n\t\t\t\n\t\t\t\n\n\t\t<div class=\"icon-box featured-box icon-box-left text-left\"  >\n\t\t\t\t\t<div class=\"icon-box-img\" style=\"width: 31px\">\n\t\t\t\t<div class=\"icon\">\n\t\t\t\t\t<div class=\"icon-inner\" >\n\t\t\t\t\t\t<img loading=\"lazy\" decoding=\"async\" width=\"32\" height=\"32\" src=\"https:\/\/rodohenrique.com.br\/wp-content\/uploads\/2025\/10\/ponta-de-flecha.png\" class=\"attachment-medium size-medium\" alt=\"\" \/>\t\t\t\t\t<\/div>\n\t\t\t\t<\/div>\n\t\t\t<\/div>\n\t\t\t\t<div class=\"icon-box-text last-reset\">\n\t\t\t\t\t\t\t\t\t\n\t<div id=\"text-1491485571\" class=\"text\">\n\t\t\n<p>Controle de velocidade dos ve\u00edculos<\/p>\n\t\t\n<style>\n#text-1491485571 {\n  font-size: 1.1rem;\n  line-height: 2.15;\n}\n<\/style>\n\t<\/div>\n\t\n\t\t<\/div>\n\t<\/div>\n\t\n\t\n\n\t\t<div class=\"icon-box featured-box icon-box-left text-left\"  >\n\t\t\t\t\t<div class=\"icon-box-img\" style=\"width: 31px\">\n\t\t\t\t<div class=\"icon\">\n\t\t\t\t\t<div class=\"icon-inner\" >\n\t\t\t\t\t\t<img loading=\"lazy\" decoding=\"async\" width=\"32\" height=\"32\" src=\"https:\/\/rodohenrique.com.br\/wp-content\/uploads\/2025\/10\/ponta-de-flecha.png\" class=\"attachment-medium size-medium\" alt=\"\" \/>\t\t\t\t\t<\/div>\n\t\t\t\t<\/div>\n\t\t\t<\/div>\n\t\t\t\t<div class=\"icon-box-text last-reset\">\n\t\t\t\t\t\t\t\t\t\n\t<div id=\"text-2439672282\" class=\"text\">\n\t\t\n<p>Cumprimento de restri\u00e7\u00f5es de tr\u00e1fego<\/p>\n\t\t\n<style>\n#text-2439672282 {\n  font-size: 1.1rem;\n  line-height: 2.15;\n}\n<\/style>\n\t<\/div>\n\t\n\t\t<\/div>\n\t<\/div>\n\t\n\t\n\n\t\t<div class=\"icon-box featured-box icon-box-left text-left\"  >\n\t\t\t\t\t<div class=\"icon-box-img\" style=\"width: 31px\">\n\t\t\t\t<div class=\"icon\">\n\t\t\t\t\t<div class=\"icon-inner\" >\n\t\t\t\t\t\t<img loading=\"lazy\" decoding=\"async\" width=\"32\" height=\"32\" src=\"https:\/\/rodohenrique.com.br\/wp-content\/uploads\/2025\/10\/ponta-de-flecha.png\" class=\"attachment-medium size-medium\" alt=\"\" \/>\t\t\t\t\t<\/div>\n\t\t\t\t<\/div>\n\t\t\t<\/div>\n\t\t\t\t<div class=\"icon-box-text last-reset\">\n\t\t\t\t\t\t\t\t\t\n\t<div id=\"text-63376912\" class=\"text\">\n\t\t\n<p>Manuten\u00e7\u00e3o constante da frota pr\u00f3pria<\/p>\n\t\t\n<style>\n#text-63376912 {\n  font-size: 1.1rem;\n  line-height: 2.15;\n}\n<\/style>\n\t<\/div>\n\t\n\t\t<\/div>\n\t<\/div>\n\t\n\t\n\n\t\t<div class=\"icon-box featured-box icon-box-left text-left\"  >\n\t\t\t\t\t<div class=\"icon-box-img\" style=\"width: 31px\">\n\t\t\t\t<div class=\"icon\">\n\t\t\t\t\t<div class=\"icon-inner\" >\n\t\t\t\t\t\t<img loading=\"lazy\" decoding=\"async\" width=\"32\" height=\"32\" src=\"https:\/\/rodohenrique.com.br\/wp-content\/uploads\/2025\/10\/ponta-de-flecha.png\" class=\"attachment-medium size-medium\" alt=\"\" \/>\t\t\t\t\t<\/div>\n\t\t\t\t<\/div>\n\t\t\t<\/div>\n\t\t\t\t<div class=\"icon-box-text last-reset\">\n\t\t\t\t\t\t\t\t\t\n\t<div id=\"text-880812415\" class=\"text\">\n\t\t\n<p>Rastreamento com Plano de Gerenciamento de Risco (PGR)<\/p>\n\t\t\n<style>\n#text-880812415 {\n  font-size: 1.1rem;\n  line-height: 1.45;\n}\n<\/style>\n\t<\/div>\n\t\n\t\t<\/div>\n\t<\/div>\n\t\n\t\n\t\t<\/div>\n\t\t\t\t\t<\/div>\n\n\t\n\n\t<div id=\"col-1521135650\" class=\"col medium-6 small-12 large-6\"  >\n\t\t\t\t<div class=\"col-inner\"  >\n\t\t\t\n\t\t\t\n\n\t\t<div class=\"icon-box featured-box icon-box-left text-left\"  >\n\t\t\t\t\t<div class=\"icon-box-img\" style=\"width: 31px\">\n\t\t\t\t<div class=\"icon\">\n\t\t\t\t\t<div class=\"icon-inner\" >\n\t\t\t\t\t\t<img loading=\"lazy\" decoding=\"async\" width=\"32\" height=\"32\" src=\"https:\/\/rodohenrique.com.br\/wp-content\/uploads\/2025\/10\/ponta-de-flecha.png\" class=\"attachment-medium size-medium\" alt=\"\" \/>\t\t\t\t\t<\/div>\n\t\t\t\t<\/div>\n\t\t\t<\/div>\n\t\t\t\t<div class=\"icon-box-text last-reset\">\n\t\t\t\t\t\t\t\t\t\n\t<div id=\"text-2259806552\" class=\"text\">\n\t\t\n<p>Sistema de Gest\u00e3o Integrado<\/p>\n\t\t\n<style>\n#text-2259806552 {\n  font-size: 1.1rem;\n  line-height: 2.15;\n}\n<\/style>\n\t<\/div>\n\t\n\t\t<\/div>\n\t<\/div>\n\t\n\t\n\n\t\t<div class=\"icon-box featured-box icon-box-left text-left\"  >\n\t\t\t\t\t<div class=\"icon-box-img\" style=\"width: 31px\">\n\t\t\t\t<div class=\"icon\">\n\t\t\t\t\t<div class=\"icon-inner\" >\n\t\t\t\t\t\t<img loading=\"lazy\" decoding=\"async\" width=\"32\" height=\"32\" src=\"https:\/\/rodohenrique.com.br\/wp-content\/uploads\/2025\/10\/ponta-de-flecha.png\" class=\"attachment-medium size-medium\" alt=\"\" \/>\t\t\t\t\t<\/div>\n\t\t\t\t<\/div>\n\t\t\t<\/div>\n\t\t\t\t<div class=\"icon-box-text last-reset\">\n\t\t\t\t\t\t\t\t\t\n\t<div id=\"text-3251180538\" class=\"text\">\n\t\t\n<p>Links e sites dedicados<\/p>\n\t\t\n<style>\n#text-3251180538 {\n  font-size: 1.1rem;\n  line-height: 2.15;\n}\n<\/style>\n\t<\/div>\n\t\n\t\t<\/div>\n\t<\/div>\n\t\n\t\n\n\t\t<div class=\"icon-box featured-box icon-box-left text-left\"  >\n\t\t\t\t\t<div class=\"icon-box-img\" style=\"width: 31px\">\n\t\t\t\t<div class=\"icon\">\n\t\t\t\t\t<div class=\"icon-inner\" >\n\t\t\t\t\t\t<img loading=\"lazy\" decoding=\"async\" width=\"32\" height=\"32\" src=\"https:\/\/rodohenrique.com.br\/wp-content\/uploads\/2025\/10\/ponta-de-flecha.png\" class=\"attachment-medium size-medium\" alt=\"\" \/>\t\t\t\t\t<\/div>\n\t\t\t\t<\/div>\n\t\t\t<\/div>\n\t\t\t\t<div class=\"icon-box-text last-reset\">\n\t\t\t\t\t\t\t\t\t\n\t<div id=\"text-2798242041\" class=\"text\">\n\t\t\n<p>Centrais digitais e EDI<\/p>\n\t\t\n<style>\n#text-2798242041 {\n  font-size: 1.1rem;\n  line-height: 2.15;\n}\n<\/style>\n\t<\/div>\n\t\n\t\t<\/div>\n\t<\/div>\n\t\n\t\n\n\t\t<div class=\"icon-box featured-box icon-box-left text-left\"  >\n\t\t\t\t\t<div class=\"icon-box-img\" style=\"width: 31px\">\n\t\t\t\t<div class=\"icon\">\n\t\t\t\t\t<div class=\"icon-inner\" >\n\t\t\t\t\t\t<img loading=\"lazy\" decoding=\"async\" width=\"32\" height=\"32\" src=\"https:\/\/rodohenrique.com.br\/wp-content\/uploads\/2025\/10\/ponta-de-flecha.png\" class=\"attachment-medium size-medium\" alt=\"\" \/>\t\t\t\t\t<\/div>\n\t\t\t\t<\/div>\n\t\t\t<\/div>\n\t\t\t\t<div class=\"icon-box-text last-reset\">\n\t\t\t\t\t\t\t\t\t\n\t<div id=\"text-4213380509\" class=\"text\">\n\t\t\n<p>Manifestos de carga com total rastreabilidade<\/p>\n\t\t\n<style>\n#text-4213380509 {\n  font-size: 1.1rem;\n  line-height: 2.15;\n}\n<\/style>\n\t<\/div>\n\t\n\t\t<\/div>\n\t<\/div>\n\t\n\t\n\t\t<\/div>\n\t\t\t\t\t<\/div>\n\n\t\n<\/div>\n\t\t<\/div>\n\n\t\t\n<style>\n#section_2063707530 {\n  padding-top: 30px;\n  padding-bottom: 30px;\n  background-color: rgb(15, 14, 14);\n}\n#section_2063707530 .section-bg-overlay {\n  background-color: rgba(255, 255, 255, 0.471);\n}\n#section_2063707530 .section-bg img {\n  object-position: 0% 31%;\n}\n<\/style>\n\t<\/section>\n\t\n\n  <div class=\"banner has-hover has-parallax\" id=\"banner-923397318\">\n          <div class=\"banner-inner fill\">\n        <div class=\"banner-bg fill\" data-parallax=\"-6\" data-parallax-container=\".banner\" data-parallax-background>\n            <img loading=\"lazy\" decoding=\"async\" width=\"1020\" height=\"574\" src=\"https:\/\/rodohenrique.com.br\/wp-content\/uploads\/2025\/10\/RodoHenrique_Apresentacao_Curva_6-1024x576.png\" class=\"bg attachment-large size-large\" alt=\"\" \/>                                    \n                    <\/div>\n\t\t\n        <div class=\"banner-layers container\">\n            <div class=\"fill banner-link\"><\/div>            \n   <div id=\"text-box-1376081657\" class=\"text-box banner-layer x50 md-x50 lg-x50 y80 md-y70 lg-y70 res-text\">\n                     <div data-animate=\"fadeInRight\">           <div class=\"text-box-content text dark\">\n              \n              <div class=\"text-inner text-center\">\n                  \n\t<div id=\"text-1259229902\" class=\"text\">\n\t\t\n<h3 class=\"uppercase\">RODOHENRIQUE<br \/>TRANSPORTES<\/h3>\n\t\t\n<style>\n#text-1259229902 {\n  font-size: 0.85rem;\n  line-height: 0.95;\n  text-align: center;\n}\n@media (min-width:550px) {\n  #text-1259229902 {\n    font-size: 1.35rem;\n  }\n}\n<\/style>\n\t<\/div>\n\t\n<p>Seguran\u00e7a, tecnologia e confian\u00e7a que movem resultados.<\/p>\n              <\/div>\n           <\/div>\n       <\/div>                     \n<style>\n#text-box-1376081657 {\n  width: 90%;\n}\n#text-box-1376081657 .text-box-content {\n  font-size: 158%;\n}\n@media (min-width:550px) {\n  #text-box-1376081657 {\n    width: 64%;\n  }\n  #text-box-1376081657 .text-box-content {\n    font-size: 100%;\n  }\n}\n<\/style>\n    <\/div>\n \n        <\/div>\n      <\/div>\n\n            \n<style>\n#banner-923397318 {\n  padding-top: 413px;\n}\n#banner-923397318 .banner-bg img {\n  object-position: 51% 0%;\n}\n@media (min-width:550px) {\n  #banner-923397318 {\n    padding-top: 644px;\n  }\n}\n<\/style>\n  <\/div>\n\n\n\n\t<section class=\"section\" id=\"section_1732546432\">\n\t\t<div class=\"section-bg fill\" >\n\t\t\t\t\t\t\t\t\t\n\t\t\t\n\n\t\t<\/div>\n\n\t\t\n\n\t\t<div class=\"section-content relative\">\n\t\t\t\n<div class=\"row\"  id=\"row-936802326\">\n\n\t<div id=\"col-1950150439\" class=\"col medium-6 small-12 large-6\"  >\n\t\t\t\t<div class=\"col-inner\"  >\n\t\t\t\n\t\t\t\n\t<div id=\"gap-1350705978\" class=\"gap-element clearfix\" style=\"display:block; height:auto;\">\n\t\t\n<style>\n#gap-1350705978 {\n  padding-top: 15px;\n}\n@media (min-width:550px) {\n  #gap-1350705978 {\n    padding-top: 111px;\n  }\n}\n<\/style>\n\t<\/div>\n\t\n<div class=\"container section-title-container\" ><h1 class=\"section-title section-title-normal\"><b aria-hidden=\"true\"><\/b><span class=\"section-title-main\" style=\"font-size:126%;color:rgb(255, 255, 255);\">ATUA\u00c7\u00c3O<\/span><b aria-hidden=\"true\"><\/b><\/h1><\/div>\n<p><span style=\"color: #ffffff;\">A RODOHENRIQUE TRANSPORTES \u00e9 refer\u00eancia em transporte rodovi\u00e1rio de cargas em todo o territ\u00f3rio nacional e tamb\u00e9m pela Am\u00e9rica Latina, conectando<\/span><br \/><span style=\"color: #ffffff;\">empresas e mercados com efici\u00eancia, seguran\u00e7a e agilidade.<\/span><\/p>\n<p><span style=\"color: #ffffff;\">Com presen\u00e7a estrat\u00e9gica em mais de 60 pontos distribu\u00eddos por 11 estados brasileiros, garantimos cobertura ampla, atendimento \u00e1gil e total confiabilidade em cada opera\u00e7\u00e3o log\u00edstica.<\/span><\/p>\n\t\t<\/div>\n\t\t\t\t\t<\/div>\n\n\t\n\n\t<div id=\"col-1792625007\" class=\"col medium-6 small-12 large-6\"  >\n\t\t\t\t<div class=\"col-inner\"  >\n\t\t\t\n\t\t\t\n\n  <div class=\"banner has-hover\" id=\"banner-1795222436\">\n          <div class=\"banner-inner fill\">\n        <div class=\"banner-bg fill\" >\n            <img loading=\"lazy\" decoding=\"async\" width=\"2560\" height=\"1440\" src=\"https:\/\/rodohenrique.com.br\/wp-content\/uploads\/2025\/10\/RodoHenrique_Apresentacao_Curva_7-scaled.png\" class=\"bg attachment-original size-original\" alt=\"\" \/>                                    \n                    <\/div>\n\t\t\n        <div class=\"banner-layers container\">\n            <div class=\"fill banner-link\"><\/div>            \n   <div id=\"text-box-645845925\" class=\"text-box banner-layer x50 md-x50 lg-x50 y50 md-y50 lg-y50 res-text\">\n                                <div class=\"text-box-content text dark\">\n              \n              <div class=\"text-inner text-center\">\n                  \n              <\/div>\n           <\/div>\n                            \n<style>\n#text-box-645845925 {\n  width: 60%;\n}\n#text-box-645845925 .text-box-content {\n  font-size: 100%;\n}\n@media (min-width:550px) {\n  #text-box-645845925 {\n    width: 60%;\n  }\n}\n<\/style>\n    <\/div>\n \n        <\/div>\n      <\/div>\n\n            \n<style>\n#banner-1795222436 {\n  padding-top: 366px;\n}\n#banner-1795222436 .banner-bg img {\n  object-position: 93% 61%;\n}\n@media (min-width:550px) {\n  #banner-1795222436 {\n    padding-top: 556px;\n  }\n}\n<\/style>\n  <\/div>\n\n\n\t\t<\/div>\n\t\t\t\t\t<\/div>\n\n\t\n<\/div>\n\t\t<\/div>\n\n\t\t\n<style>\n#section_1732546432 {\n  padding-top: 30px;\n  padding-bottom: 30px;\n  background-color: #455e4d;\n}\n<\/style>\n\t<\/section>\n\t\n","protected":false},"excerpt":{"rendered":"","protected":false},"author":1,"featured_media":0,"parent":0,"menu_order":0,"comment_status":"closed","ping_status":"closed","template":"page-transparent-header-light.php","meta":{"footnotes":""},"class_list":["post-11","page","type-page","status-publish","hentry"],"_links":{"self":[{"href":"https:\/\/rodohenrique.com.br\/index.php\/wp-json\/wp\/v2\/pages\/11","targetHints":{"allow":["GET"]}}],"collection":[{"href":"https:\/\/rodohenrique.com.br\/index.php\/wp-json\/wp\/v2\/pages"}],"about":[{"href":"https:\/\/rodohenrique.com.br\/index.php\/wp-json\/wp\/v2\/types\/page"}],"author":[{"embeddable":true,"href":"https:\/\/rodohenrique.com.br\/index.php\/wp-json\/wp\/v2\/users\/1"}],"replies":[{"embeddable":true,"href":"https:\/\/rodohenrique.com.br\/index.php\/wp-json\/wp\/v2\/comments?post=11"}],"version-history":[{"count":65,"href":"https:\/\/rodohenrique.com.br\/index.php\/wp-json\/wp\/v2\/pages\/11\/revisions"}],"predecessor-version":[{"id":185,"href":"https:\/\/rodohenrique.com.br\/index.php\/wp-json\/wp\/v2\/pages\/11\/revisions\/185"}],"wp:attachment":[{"href":"https:\/\/rodohenrique.com.br\/index.php\/wp-json\/wp\/v2\/media?parent=11"}],"curies":[{"name":"wp","href":"https:\/\/api.w.org\/{rel}","templated":true}]}}